{"id":227549,"date":"2024-02-12T17:30:36","date_gmt":"2024-02-12T16:30:36","guid":{"rendered":"https:\/\/gaiaotthon.hu\/?page_id=227549"},"modified":"2024-02-12T17:33:48","modified_gmt":"2024-02-12T16:33:48","slug":"szakmai-vezeto-muszaki-elokeszito","status":"publish","type":"page","link":"https:\/\/gaiaszive.hu\/?page_id=227549","title":{"rendered":"Szakmai vezet\u0151-m\u0171szaki el\u0151k\u00e9sz\u00edt\u0151"},"content":{"rendered":"<p>[et_pb_section fb_built=&#8221;1&#8243; _builder_version=&#8221;4.16&#8243; _module_preset=&#8221;default&#8221; background_color=&#8221;#eaeaea&#8221; custom_padding=&#8221;18px||15px|||&#8221; global_colors_info=&#8221;{}&#8221; theme_builder_area=&#8221;post_content&#8221;][et_pb_row column_structure=&#8221;3_4,1_4&#8243; _builder_version=&#8221;4.16&#8243; _module_preset=&#8221;default&#8221; custom_padding=&#8221;||0px|||&#8221; global_colors_info=&#8221;{}&#8221; theme_builder_area=&#8221;post_content&#8221;][et_pb_column type=&#8221;3_4&#8243; _builder_version=&#8221;4.16&#8243; _module_preset=&#8221;default&#8221; global_colors_info=&#8221;{}&#8221; theme_builder_area=&#8221;post_content&#8221;][et_pb_text _builder_version=&#8221;4.17.4&#8243; _module_preset=&#8221;default&#8221; header_font=&#8221;Rubik|900||on|||||&#8221; header_font_size=&#8221;68px&#8221; header_line_height=&#8221;0.8em&#8221; min_height=&#8221;107px&#8221; custom_margin=&#8221;0px||0px||false|false&#8221; custom_padding=&#8221;||0px||false|false&#8221; animation_style=&#8221;slide&#8221; animation_direction=&#8221;right&#8221; hover_enabled=&#8221;0&#8243; header_font_size_tablet=&#8221;&#8221; header_font_size_phone=&#8221;38px&#8221; header_font_size_last_edited=&#8221;on|phone&#8221; global_colors_info=&#8221;{}&#8221; theme_builder_area=&#8221;post_content&#8221; sticky_enabled=&#8221;0&#8243;]<\/p>\n<h1><span style=\"color: #00c2c4;\">szakmai vezet\u0151-m\u0171szaki el\u0151k\u00e9sz\u00edt\u0151<\/span><\/h1>\n<p><b>munkak\u00f6r\u00f6kbe keres munkat\u00e1rsat a Gaia Otthon csapata\u00a0<strong>teljes munkaid\u0151ben:<\/strong><\/b>[\/et_pb_text][et_pb_text _builder_version=&#8221;4.16&#8243; _module_preset=&#8221;default&#8221; custom_margin=&#8221;14px||31px|||&#8221; custom_padding=&#8221;||0px|||&#8221; global_colors_info=&#8221;{}&#8221; theme_builder_area=&#8221;post_content&#8221;]<\/p>\n<p><b><span>A szakmai vezet\u0151-m\u0171szaki el\u0151k\u00e9sz\u00edt\u0151 feladatai a k\u00f6vetkez\u0151k:<\/span><\/b><\/p>\n<ul>\n<li class=\"v1MsoNormal\"><span>A tervez\u00e9si dokument\u00e1ci\u00f3k ellen\u0151rz\u00e9se, \u00e9rtelmez\u00e9se \u00e9s feldolgoz\u00e1sa<\/span><\/li>\n<li class=\"v1MsoNormal\"><span>A kivitelez\u00e9shez sz\u00fcks\u00e9ges anyagok, g\u00e9pek, berendez\u00e9sek \u00e9s szolg\u00e1ltat\u00e1sok kiv\u00e1laszt\u00e1sa, megrendel\u00e9se \u00e9s nyomon k\u00f6vet\u00e9se<\/span><\/li>\n<li class=\"v1MsoNormal\"><span>A kivitelez\u00e9shez kapcsol\u00f3d\u00f3 k\u00f6lts\u00e9gvet\u00e9s, \u00fctemterv, \u00e1rt\u00fckr\u00f6k elk\u00e9sz\u00edt\u00e9se \u00e9s ellen\u0151rz\u00e9se.<\/span><\/li>\n<li class=\"v1MsoNormal\"><span>A tervez\u0151kkel, alv\u00e1llalkoz\u00f3kkal, besz\u00e1ll\u00edt\u00f3kkal \u00e9s megrendel\u0151kkel val\u00f3 kapcsolattart\u00e1s \u00e9s egyeztet\u00e9s.<\/span><\/li>\n<li class=\"v1MsoNormal\"><span>Az \u00e9p\u00edt\u00e9si (helysz\u00edni \u00e9s irodai) feladatok seg\u00edt\u00e9se, mennyis\u00e9g \u00e9s k\u00f6lts\u00e9g kalkul\u00e1ci\u00f3k k\u00e9sz\u00edt\u00e9se.<\/span><\/li>\n<li class=\"v1MsoNormal\"><span>Kivitelez\u00e9si munk\u00e1k szakmai ir\u00e1ny\u00edt\u00e1s\u00e1nak seg\u00edt\u00e9se<\/span><\/li>\n<li class=\"v1MsoNormal\"><span>Rakt\u00e1rk\u00e9szlet ellen\u0151rz\u00e9se, naprak\u00e9szen tart\u00e1sa<\/span><\/li>\n<li class=\"v1MsoNormal\"><span>Anyagkiv\u00e1lt\u00e1si javaslatok el\u0151k\u00e9sz\u00edt\u00e9se<\/span><\/li>\n<li class=\"v1MsoNormal\"><span>Esetleges elt\u00e9r\u00e9sek kimutat\u00e1sa<\/span><\/li>\n<li class=\"v1MsoNormal\"><span>Egy\u00e9b m\u0171szaki adminisztr\u00e1ci\u00f3<\/span><\/li>\n<\/ul>\n<p><b><span>A szakmai vezet\u0151-m\u0171szaki el\u0151k\u00e9sz\u00edt\u0151vel szemben az elv\u00e1r\u00e1sok a k\u00f6vetkez\u0151k:<\/span><\/b><\/p>\n<ul type=\"disc\">\n<li class=\"v1MsoNormal\"><span>Magas\u00e9p\u00edt\u0151 technikus v\u00e9gzetts\u00e9g vagy \u00e9p\u00edt\u00e9szm\u00e9rn\u00f6k diploma.<\/span><\/li>\n<li class=\"v1MsoNormal\"><span>Sz\u00e1m\u00edt\u00f3g\u00e9pes felhaszn\u00e1l\u00f3i ismeretek MS Office (Word, Excel), MS Project<\/span><\/li>\n<li class=\"v1MsoNormal\"><span>B kateg\u00f3ri\u00e1s jogos\u00edtv\u00e1ny<\/span><\/li>\n<li class=\"v1MsoNormal\"><span>Kiv\u00e1l\u00f3 ismeretek az Archicad tervez\u0151i szoftver haszn\u00e1lat\u00e1ban.<\/span><\/li>\n<li class=\"v1MsoNormal\"><span>K\u00e9pes \u00f6n\u00e1ll\u00f3an elk\u00e9sz\u00edteni \u00e9s \u00e9rtelmezni terveket, v\u00e1zlatokat.<\/span><\/li>\n<li class=\"v1MsoNormal\"><span>Hat\u00e9kony kommunik\u00e1ci\u00f3 \u00e9s egy\u00fcttm\u0171k\u00f6d\u00e9s a bels\u0151 \u00e9s k\u00fcls\u0151 partnerekkel<\/span><\/li>\n<li class=\"v1MsoNormal\"><span>K\u00e9pess\u00e9g hat\u00e1rid\u0151k betart\u00e1s\u00e1ra \u00e9s nyom\u00e1s alatt t\u00f6rt\u00e9n\u0151 munkav\u00e9gz\u00e9sre.<\/span><\/li>\n<li class=\"v1MsoNormal\"><span>Pontos, megb\u00edzhat\u00f3, prec\u00edz \u00e9s felel\u0151ss\u00e9gteljes a munkav\u00e9gz\u00e9s\u00e9ben<\/span><\/li>\n<li class=\"v1MsoNormal\"><span>Tapasztalat \u00e9p\u00edt\u00e9szeti tervez\u00e9sben \u00e9s m\u0171szaki el\u0151k\u00e9sz\u00edt\u00e9sben.<\/span><\/li>\n<li class=\"v1MsoNormal\"><span>Magas szint\u0171 m\u0171szaki ismeret<\/span><\/li>\n<li class=\"v1MsoNormal\"><span>Mag\u00e1ra \u00e9s k\u00f6rnyezet\u00e9re ig\u00e9nyes, a r\u00e9szletekre figyel\u0151.<\/span><\/li>\n<li class=\"v1MsoNormal\"><span>K\u00e9pess\u00e9g a gyakori helysz\u00edni l\u00e1togat\u00e1sokra, \u00e1ru\u00e1tv\u00e9telekre.<\/span><\/li>\n<li class=\"v1MsoNormal\"><span>Intelligens, gyors tanul\u00f3, \u00f6n\u00e1ll\u00f3an gondolkod\u00f3.<\/span><\/li>\n<li class=\"v1MsoNormal\"><span>Agilis, k\u00f6nnyen alkalmazkod\u00f3, probl\u00e9mamegold\u00f3 k\u00e9szs\u00e9g.<\/span><\/li>\n<\/ul>\n<ul><\/ul>\n<p><strong>Amit k\u00edn\u00e1lunk:<\/strong><\/p>\n<ul>\n<li class=\"v1MsoNormal\"><span>szakmai fejl\u0151d\u00e9s \u00e9s karriertervek t\u00e1mogat\u00e1sa<\/span><\/li>\n<li class=\"v1MsoNormal\"><span>hossz\u00fa t\u00e1v\u00fa, biztos munkahely<\/span><\/li>\n<li class=\"v1MsoNormal\"><span>versenyk\u00e9pes b\u00e9rez\u00e9si rendszer<\/span><\/li>\n<li class=\"v1MsoNormal\"><span>mobiltelefon<\/span><\/li>\n<li class=\"v1MsoNormal\"><span>laptop<\/span><\/li>\n<li class=\"v1MsoNormal\"><span>c\u00e9ges aut\u00f3<\/span><\/li>\n<\/ul>\n<ul><\/ul>\n<p>&nbsp;<\/p>\n<p><strong>Jelentkezni az <a href=\"mailto:iroda@gaiaotthon.hu\">iroda@gaiaotthon.hu<\/a> e-mailc\u00edmen lehet f\u00e9nyk\u00e9pes \u00f6n\u00e9letrajzzal.<\/strong><\/p>\n<p><strong>T\u00e1rgy: \u201e\u00c9P\u00cdT\u00c9SVEZET\u0150\u201d<\/strong><\/p>\n<p>[\/et_pb_text][\/et_pb_column][et_pb_column type=&#8221;1_4&#8243; _builder_version=&#8221;4.16&#8243; _module_preset=&#8221;default&#8221; global_colors_info=&#8221;{}&#8221; theme_builder_area=&#8221;post_content&#8221;][et_pb_image src=&#8221;https:\/\/gaiaotthon.hu\/wp-content\/uploads\/2021\/11\/epitesvezeto.jpg&#8221; title_text=&#8221;epitesvezeto&#8221; _builder_version=&#8221;4.16&#8243; _module_preset=&#8221;default&#8221; border_radii=&#8221;on|150px|150px|150px|150px&#8221; border_width_all=&#8221;11px&#8221; border_color_all=&#8221;#00C2C4&#8243; global_colors_info=&#8221;{}&#8221; theme_builder_area=&#8221;post_content&#8221;][\/et_pb_image][et_pb_text _builder_version=&#8221;4.16&#8243; _module_preset=&#8221;default&#8221; global_colors_info=&#8221;{}&#8221; theme_builder_area=&#8221;post_content&#8221;]<\/p>\n<p><span style=\"color: #33cccc;\"><strong>JELENTKEZ\u00c9S<\/strong><\/span><\/p>\n<p>[\/et_pb_text][et_pb_code _builder_version=&#8221;4.17.4&#8243; _module_preset=&#8221;default&#8221; hover_enabled=&#8221;0&#8243; global_colors_info=&#8221;{}&#8221; theme_builder_area=&#8221;post_content&#8221; sticky_enabled=&#8221;0&#8243;]\n<div class=\"wpcf7 no-js\" id=\"wpcf7-f227057-o1\" lang=\"hu-HU\" dir=\"ltr\" data-wpcf7-id=\"227057\">\n<div class=\"screen-reader-response\"><p role=\"status\" aria-live=\"polite\" aria-atomic=\"true\"><\/p> <ul><\/ul><\/div>\n<form action=\"\/index.php?rest_route=%2Fwp%2Fv2%2Fpages%2F227549#wpcf7-f227057-o1\" method=\"post\" class=\"wpcf7-form init\" aria-label=\"Kapcsolatfelv\u00e9teli \u0171rlap\" enctype=\"multipart\/form-data\" novalidate=\"novalidate\" data-status=\"init\">\n<fieldset class=\"hidden-fields-container\"><input type=\"hidden\" name=\"_wpcf7\" value=\"227057\" \/><input type=\"hidden\" name=\"_wpcf7_version\" value=\"6.1.4\" \/><input type=\"hidden\" name=\"_wpcf7_locale\" value=\"hu_HU\" \/><input type=\"hidden\" name=\"_wpcf7_unit_tag\" value=\"wpcf7-f227057-o1\" \/><input type=\"hidden\" name=\"_wpcf7_container_post\" value=\"0\" \/><input type=\"hidden\" name=\"_wpcf7_posted_data_hash\" value=\"\" \/><input type=\"hidden\" name=\"_wpcf7_recaptcha_response\" value=\"\" \/>\n<\/fieldset>\n<p><label> Neve<br \/>\n<span class=\"wpcf7-form-control-wrap\" data-name=\"your-name\"><input size=\"40\" maxlength=\"400\" class=\"wpcf7-form-control wpcf7-text wpcf7-validates-as-required\" aria-required=\"true\" aria-invalid=\"false\" value=\"\" type=\"text\" name=\"your-name\" \/><\/span> <\/label>\n<\/p>\n<p><label> E-mail c\u00edme<br \/>\n<span class=\"wpcf7-form-control-wrap\" data-name=\"your-email\"><input size=\"40\" maxlength=\"400\" class=\"wpcf7-form-control wpcf7-email wpcf7-validates-as-required wpcf7-text wpcf7-validates-as-email\" aria-required=\"true\" aria-invalid=\"false\" value=\"\" type=\"email\" name=\"your-email\" \/><\/span> <\/label>\n<\/p>\n<p><label> \u00dczenet (nem k\u00f6telez\u0151)<br \/>\n<span class=\"wpcf7-form-control-wrap\" data-name=\"your-message\"><textarea cols=\"40\" rows=\"10\" maxlength=\"2000\" class=\"wpcf7-form-control wpcf7-textarea\" aria-invalid=\"false\" name=\"your-message\"><\/textarea><\/span> <\/label>\n<\/p>\n<p><label>\u00d6n\u00e9letrajz<br \/>\n(.pdf \u00e9s .doc t\u00edpus, max. 2mb)<br \/>\n<span class=\"wpcf7-form-control-wrap\" data-name=\"your-file\"><input size=\"40\" class=\"wpcf7-form-control wpcf7-file\" accept=\".pdf,.doc\" aria-invalid=\"false\" type=\"file\" name=\"your-file\" \/><\/span><br \/>\n<input class=\"wpcf7-form-control wpcf7-submit has-spinner\" type=\"submit\" value=\"Bek\u00fcld\u00e9s\" \/><\/label>\n<\/p><div class=\"wpcf7-response-output\" aria-hidden=\"true\"><\/div>\n<\/form>\n<\/div>\n[\/et_pb_code][\/et_pb_column][\/et_pb_row][\/et_pb_section][et_pb_section fb_built=&#8221;1&#8243; disabled_on=&#8221;off|off|off&#8221; _builder_version=&#8221;4.6.6&#8243; _module_preset=&#8221;default&#8221; background_color=&#8221;#141414&#8243; custom_padding=&#8221;28px||31px|||&#8221; top_divider_color=&#8221;#ffffff&#8221; top_divider_height=&#8221;48px&#8221; global_module=&#8221;226026&#8243; saved_tabs=&#8221;all&#8221; global_colors_info=&#8221;{}&#8221; theme_builder_area=&#8221;post_content&#8221;][et_pb_row use_custom_gutter=&#8221;on&#8221; gutter_width=&#8221;2&#8243; _builder_version=&#8221;4.16&#8243; _module_preset=&#8221;default&#8221; border_radii=&#8221;on|10px|10px|10px|10px&#8221; global_colors_info=&#8221;{}&#8221; theme_builder_area=&#8221;post_content&#8221;][et_pb_column type=&#8221;4_4&#8243; _builder_version=&#8221;4.16&#8243; _module_preset=&#8221;default&#8221; global_colors_info=&#8221;{}&#8221; theme_builder_area=&#8221;post_content&#8221;][et_pb_text _builder_version=&#8221;4.16&#8243; _module_preset=&#8221;default&#8221; header_font=&#8221;Rubik|900||on|||||&#8221; header_font_size=&#8221;62px&#8221; header_line_height=&#8221;0.8em&#8221; min_height=&#8221;107px&#8221; custom_margin=&#8221;-4px||-37px||false|false&#8221; custom_padding=&#8221;||0px||false|false&#8221; animation_style=&#8221;slide&#8221; animation_direction=&#8221;right&#8221; header_font_size_tablet=&#8221;&#8221; header_font_size_phone=&#8221;38px&#8221; header_font_size_last_edited=&#8221;on|phone&#8221; global_colors_info=&#8221;{}&#8221; theme_builder_area=&#8221;post_content&#8221;]<\/p>\n<p><a name=\"kapcsolat\"><\/a><\/p>\n<h1><span style=\"color: #00c2c4;\">KAPCSOLAT<\/span><\/h1>\n<p>[\/et_pb_text][\/et_pb_column][\/et_pb_row][et_pb_row column_structure=&#8221;1_4,1_4,1_2&#8243; _builder_version=&#8221;4.16&#8243; _module_preset=&#8221;default&#8221; custom_margin=&#8221;-29px|auto|-11px|auto||&#8221; custom_padding=&#8221;||27px|||&#8221; global_colors_info=&#8221;{}&#8221; theme_builder_area=&#8221;post_content&#8221;][et_pb_column type=&#8221;1_4&#8243; _builder_version=&#8221;4.16&#8243; _module_preset=&#8221;default&#8221; global_colors_info=&#8221;{}&#8221; theme_builder_area=&#8221;post_content&#8221;][et_pb_text _builder_version=&#8221;4.16&#8243; _module_preset=&#8221;default&#8221; text_text_color=&#8221;#ffffff&#8221; global_colors_info=&#8221;{}&#8221; theme_builder_area=&#8221;post_content&#8221;]<\/p>\n<p><strong>Gaia Sz\u00edve Kft.<br \/><\/strong>6000 Kecskem\u00e9t, F\u00e1klya u.8<\/p>\n<p><strong>Gaia Otthon Kft.<br \/><\/strong>6000 Kecskem\u00e9t, F\u00e1klya u.8<\/p>\n<p><strong>Irod\u00e1nk:<\/strong><br \/>6000 Kecskem\u00e9t,F\u00e1klya u. 8 1\/2\u00a0<\/p>\n<p><strong>Nyitva tart\u00e1s:<\/strong><br \/>H-P: 8:00 &#8211; 16:00<\/p>\n<p><strong>\u00a0<\/strong><\/p>\n<p>[\/et_pb_text][\/et_pb_column][et_pb_column type=&#8221;1_4&#8243; _builder_version=&#8221;4.16&#8243; _module_preset=&#8221;default&#8221; global_colors_info=&#8221;{}&#8221; theme_builder_area=&#8221;post_content&#8221;][et_pb_text _builder_version=&#8221;4.16&#8243; _module_preset=&#8221;default&#8221; text_text_color=&#8221;#ffffff&#8221; global_colors_info=&#8221;{}&#8221; theme_builder_area=&#8221;post_content&#8221;]<\/p>\n<p><strong>T\u00f3th S\u00e1ndor<\/strong><br \/><em>c\u00e9galap\u00edt\u00f3-vezet\u0151<\/em><\/p>\n<p>+36-20\/957-5288<br \/>toth.sandor@gaiaszive.hu<\/p>\n<p>[\/et_pb_text][\/et_pb_column][et_pb_column type=&#8221;1_2&#8243; _builder_version=&#8221;4.16&#8243; _module_preset=&#8221;default&#8221; global_colors_info=&#8221;{}&#8221; theme_builder_area=&#8221;post_content&#8221;][et_pb_code _builder_version=&#8221;4.16&#8243; _module_preset=&#8221;default&#8221; custom_margin=&#8221;||-7px||false|false&#8221; custom_padding=&#8221;||0px||false|false&#8221; border_radii=&#8221;on|14px|14px|14px|14px&#8221; global_colors_info=&#8221;{}&#8221; theme_builder_area=&#8221;post_content&#8221;]<iframe loading=\"lazy\" src=\"https:\/\/www.google.com\/maps\/embed?pb=!1m18!1m12!1m3!1d810.402506880505!2d19.68944761663679!3d46.905506040145546!2m3!1f0!2f0!3f0!3m2!1i1024!2i768!4f13.1!3m3!1m2!1s0x4743db560d682185%3A0x2b5c38f41037a72d!2sGaia%20Otthon!5e0!3m2!1shu!2shu!4v1605003046988!5m2!1shu!2shu\" width=\"600\" height=\"300\" frameborder=\"0\" style=\"border:0;\" allowfullscreen=\"\" aria-hidden=\"false\" tabindex=\"0\"><\/iframe>[\/et_pb_code][\/et_pb_column][\/et_pb_row][\/et_pb_section]<\/p>\n","protected":false},"excerpt":{"rendered":"<p>szakmai vezet\u0151-m\u0171szaki el\u0151k\u00e9sz\u00edt\u0151 munkak\u00f6r\u00f6kbe keres munkat\u00e1rsat a Gaia Otthon csapata\u00a0teljes munkaid\u0151ben:A szakmai vezet\u0151-m\u0171szaki el\u0151k\u00e9sz\u00edt\u0151 feladatai a k\u00f6vetkez\u0151k: A tervez\u00e9si dokument\u00e1ci\u00f3k ellen\u0151rz\u00e9se, \u00e9rtelmez\u00e9se \u00e9s feldolgoz\u00e1sa A kivitelez\u00e9shez sz\u00fcks\u00e9ges anyagok, g\u00e9pek, berendez\u00e9sek \u00e9s szolg\u00e1ltat\u00e1sok kiv\u00e1laszt\u00e1sa, megrendel\u00e9se \u00e9s nyomon k\u00f6vet\u00e9se A kivitelez\u00e9shez kapcsol\u00f3d\u00f3 k\u00f6lts\u00e9gvet\u00e9s, \u00fctemterv, \u00e1rt\u00fckr\u00f6k elk\u00e9sz\u00edt\u00e9se \u00e9s ellen\u0151rz\u00e9se. A tervez\u0151kkel, alv\u00e1llalkoz\u00f3kkal, besz\u00e1ll\u00edt\u00f3kkal \u00e9s megrendel\u0151kkel val\u00f3 kapcsolattart\u00e1s \u00e9s [&hellip;]<\/p>\n","protected":false},"author":1,"featured_media":0,"parent":0,"menu_order":0,"comment_status":"closed","ping_status":"closed","template":"","meta":{"_et_pb_use_builder":"on","_et_pb_old_content":"","_et_gb_content_width":"","footnotes":""},"class_list":["post-227549","page","type-page","status-publish","hentry"],"yoast_head":"<!-- This site is optimized with the Yoast SEO plugin v26.7 - https:\/\/yoast.com\/wordpress\/plugins\/seo\/ -->\n<title>Szakmai vezet\u0151-m\u0171szaki el\u0151k\u00e9sz\u00edt\u0151 - Gaia Otthon<\/title>\n<meta name=\"robots\" content=\"index, follow, max-snippet:-1, max-image-preview:large, max-video-preview:-1\" \/>\n<link rel=\"canonical\" href=\"https:\/\/gaiaszive.hu\/?page_id=227549\" \/>\n<meta property=\"og:locale\" content=\"hu_HU\" \/>\n<meta property=\"og:type\" content=\"article\" \/>\n<meta property=\"og:title\" content=\"Szakmai vezet\u0151-m\u0171szaki el\u0151k\u00e9sz\u00edt\u0151 - Gaia Otthon\" \/>\n<meta property=\"og:description\" content=\"szakmai vezet\u0151-m\u0171szaki el\u0151k\u00e9sz\u00edt\u0151 munkak\u00f6r\u00f6kbe keres munkat\u00e1rsat a Gaia Otthon csapata\u00a0teljes munkaid\u0151ben:A szakmai vezet\u0151-m\u0171szaki el\u0151k\u00e9sz\u00edt\u0151 feladatai a k\u00f6vetkez\u0151k: A tervez\u00e9si dokument\u00e1ci\u00f3k ellen\u0151rz\u00e9se, \u00e9rtelmez\u00e9se \u00e9s feldolgoz\u00e1sa A kivitelez\u00e9shez sz\u00fcks\u00e9ges anyagok, g\u00e9pek, berendez\u00e9sek \u00e9s szolg\u00e1ltat\u00e1sok kiv\u00e1laszt\u00e1sa, megrendel\u00e9se \u00e9s nyomon k\u00f6vet\u00e9se A kivitelez\u00e9shez kapcsol\u00f3d\u00f3 k\u00f6lts\u00e9gvet\u00e9s, \u00fctemterv, \u00e1rt\u00fckr\u00f6k elk\u00e9sz\u00edt\u00e9se \u00e9s ellen\u0151rz\u00e9se. A tervez\u0151kkel, alv\u00e1llalkoz\u00f3kkal, besz\u00e1ll\u00edt\u00f3kkal \u00e9s megrendel\u0151kkel val\u00f3 kapcsolattart\u00e1s \u00e9s [&hellip;]\" \/>\n<meta property=\"og:url\" content=\"https:\/\/gaiaszive.hu\/?page_id=227549\" \/>\n<meta property=\"og:site_name\" content=\"Gaia Otthon\" \/>\n<meta property=\"article:publisher\" content=\"https:\/\/www.facebook.com\/gaiaotthon\" \/>\n<meta property=\"article:modified_time\" content=\"2024-02-12T16:33:48+00:00\" \/>\n<meta name=\"twitter:card\" content=\"summary_large_image\" \/>\n<script type=\"application\/ld+json\" class=\"yoast-schema-graph\">{\"@context\":\"https:\/\/schema.org\",\"@graph\":[{\"@type\":\"WebPage\",\"@id\":\"https:\/\/gaiaszive.hu\/?page_id=227549\",\"url\":\"https:\/\/gaiaszive.hu\/?page_id=227549\",\"name\":\"Szakmai vezet\u0151-m\u0171szaki el\u0151k\u00e9sz\u00edt\u0151 - Gaia Otthon\",\"isPartOf\":{\"@id\":\"https:\/\/gaiaszive.hu\/#website\"},\"datePublished\":\"2024-02-12T16:30:36+00:00\",\"dateModified\":\"2024-02-12T16:33:48+00:00\",\"breadcrumb\":{\"@id\":\"https:\/\/gaiaszive.hu\/?page_id=227549#breadcrumb\"},\"inLanguage\":\"hu\",\"potentialAction\":[{\"@type\":\"ReadAction\",\"target\":[\"https:\/\/gaiaszive.hu\/?page_id=227549\"]}]},{\"@type\":\"BreadcrumbList\",\"@id\":\"https:\/\/gaiaszive.hu\/?page_id=227549#breadcrumb\",\"itemListElement\":[{\"@type\":\"ListItem\",\"position\":1,\"name\":\"Kezd\u0151lap\",\"item\":\"https:\/\/gaiaszive.hu\/\"},{\"@type\":\"ListItem\",\"position\":2,\"name\":\"Szakmai vezet\u0151-m\u0171szaki el\u0151k\u00e9sz\u00edt\u0151\"}]},{\"@type\":\"WebSite\",\"@id\":\"https:\/\/gaiaszive.hu\/#website\",\"url\":\"https:\/\/gaiaszive.hu\/\",\"name\":\"Gaia Otthon\",\"description\":\"Gener\u00e1lkivitelez\u00e9s | Ingatlan\u00e9rt\u00e9kes\u00edt\u00e9s\",\"publisher\":{\"@id\":\"https:\/\/gaiaszive.hu\/#organization\"},\"potentialAction\":[{\"@type\":\"SearchAction\",\"target\":{\"@type\":\"EntryPoint\",\"urlTemplate\":\"https:\/\/gaiaszive.hu\/?s={search_term_string}\"},\"query-input\":{\"@type\":\"PropertyValueSpecification\",\"valueRequired\":true,\"valueName\":\"search_term_string\"}}],\"inLanguage\":\"hu\"},{\"@type\":\"Organization\",\"@id\":\"https:\/\/gaiaszive.hu\/#organization\",\"name\":\"Gaia Otthon\",\"url\":\"https:\/\/gaiaszive.hu\/\",\"logo\":{\"@type\":\"ImageObject\",\"inLanguage\":\"hu\",\"@id\":\"https:\/\/gaiaszive.hu\/#\/schema\/logo\/image\/\",\"url\":\"https:\/\/gaiaotthon.hu\/wp-content\/uploads\/2020\/11\/gaiaotthon_gaiaszive.png\",\"contentUrl\":\"https:\/\/gaiaotthon.hu\/wp-content\/uploads\/2020\/11\/gaiaotthon_gaiaszive.png\",\"width\":700,\"height\":154,\"caption\":\"Gaia Otthon\"},\"image\":{\"@id\":\"https:\/\/gaiaszive.hu\/#\/schema\/logo\/image\/\"},\"sameAs\":[\"https:\/\/www.facebook.com\/gaiaotthon\"]}]}<\/script>\n<!-- \/ Yoast SEO plugin. -->","yoast_head_json":{"title":"Szakmai vezet\u0151-m\u0171szaki el\u0151k\u00e9sz\u00edt\u0151 - Gaia Otthon","robots":{"index":"index","follow":"follow","max-snippet":"max-snippet:-1","max-image-preview":"max-image-preview:large","max-video-preview":"max-video-preview:-1"},"canonical":"https:\/\/gaiaszive.hu\/?page_id=227549","og_locale":"hu_HU","og_type":"article","og_title":"Szakmai vezet\u0151-m\u0171szaki el\u0151k\u00e9sz\u00edt\u0151 - Gaia Otthon","og_description":"szakmai vezet\u0151-m\u0171szaki el\u0151k\u00e9sz\u00edt\u0151 munkak\u00f6r\u00f6kbe keres munkat\u00e1rsat a Gaia Otthon csapata\u00a0teljes munkaid\u0151ben:A szakmai vezet\u0151-m\u0171szaki el\u0151k\u00e9sz\u00edt\u0151 feladatai a k\u00f6vetkez\u0151k: A tervez\u00e9si dokument\u00e1ci\u00f3k ellen\u0151rz\u00e9se, \u00e9rtelmez\u00e9se \u00e9s feldolgoz\u00e1sa A kivitelez\u00e9shez sz\u00fcks\u00e9ges anyagok, g\u00e9pek, berendez\u00e9sek \u00e9s szolg\u00e1ltat\u00e1sok kiv\u00e1laszt\u00e1sa, megrendel\u00e9se \u00e9s nyomon k\u00f6vet\u00e9se A kivitelez\u00e9shez kapcsol\u00f3d\u00f3 k\u00f6lts\u00e9gvet\u00e9s, \u00fctemterv, \u00e1rt\u00fckr\u00f6k elk\u00e9sz\u00edt\u00e9se \u00e9s ellen\u0151rz\u00e9se. A tervez\u0151kkel, alv\u00e1llalkoz\u00f3kkal, besz\u00e1ll\u00edt\u00f3kkal \u00e9s megrendel\u0151kkel val\u00f3 kapcsolattart\u00e1s \u00e9s [&hellip;]","og_url":"https:\/\/gaiaszive.hu\/?page_id=227549","og_site_name":"Gaia Otthon","article_publisher":"https:\/\/www.facebook.com\/gaiaotthon","article_modified_time":"2024-02-12T16:33:48+00:00","twitter_card":"summary_large_image","schema":{"@context":"https:\/\/schema.org","@graph":[{"@type":"WebPage","@id":"https:\/\/gaiaszive.hu\/?page_id=227549","url":"https:\/\/gaiaszive.hu\/?page_id=227549","name":"Szakmai vezet\u0151-m\u0171szaki el\u0151k\u00e9sz\u00edt\u0151 - Gaia Otthon","isPartOf":{"@id":"https:\/\/gaiaszive.hu\/#website"},"datePublished":"2024-02-12T16:30:36+00:00","dateModified":"2024-02-12T16:33:48+00:00","breadcrumb":{"@id":"https:\/\/gaiaszive.hu\/?page_id=227549#breadcrumb"},"inLanguage":"hu","potentialAction":[{"@type":"ReadAction","target":["https:\/\/gaiaszive.hu\/?page_id=227549"]}]},{"@type":"BreadcrumbList","@id":"https:\/\/gaiaszive.hu\/?page_id=227549#breadcrumb","itemListElement":[{"@type":"ListItem","position":1,"name":"Kezd\u0151lap","item":"https:\/\/gaiaszive.hu\/"},{"@type":"ListItem","position":2,"name":"Szakmai vezet\u0151-m\u0171szaki el\u0151k\u00e9sz\u00edt\u0151"}]},{"@type":"WebSite","@id":"https:\/\/gaiaszive.hu\/#website","url":"https:\/\/gaiaszive.hu\/","name":"Gaia Otthon","description":"Gener\u00e1lkivitelez\u00e9s | Ingatlan\u00e9rt\u00e9kes\u00edt\u00e9s","publisher":{"@id":"https:\/\/gaiaszive.hu\/#organization"},"potentialAction":[{"@type":"SearchAction","target":{"@type":"EntryPoint","urlTemplate":"https:\/\/gaiaszive.hu\/?s={search_term_string}"},"query-input":{"@type":"PropertyValueSpecification","valueRequired":true,"valueName":"search_term_string"}}],"inLanguage":"hu"},{"@type":"Organization","@id":"https:\/\/gaiaszive.hu\/#organization","name":"Gaia Otthon","url":"https:\/\/gaiaszive.hu\/","logo":{"@type":"ImageObject","inLanguage":"hu","@id":"https:\/\/gaiaszive.hu\/#\/schema\/logo\/image\/","url":"https:\/\/gaiaotthon.hu\/wp-content\/uploads\/2020\/11\/gaiaotthon_gaiaszive.png","contentUrl":"https:\/\/gaiaotthon.hu\/wp-content\/uploads\/2020\/11\/gaiaotthon_gaiaszive.png","width":700,"height":154,"caption":"Gaia Otthon"},"image":{"@id":"https:\/\/gaiaszive.hu\/#\/schema\/logo\/image\/"},"sameAs":["https:\/\/www.facebook.com\/gaiaotthon"]}]}},"_links":{"self":[{"href":"https:\/\/gaiaszive.hu\/index.php?rest_route=\/wp\/v2\/pages\/227549","targetHints":{"allow":["GET"]}}],"collection":[{"href":"https:\/\/gaiaszive.hu\/index.php?rest_route=\/wp\/v2\/pages"}],"about":[{"href":"https:\/\/gaiaszive.hu\/index.php?rest_route=\/wp\/v2\/types\/page"}],"author":[{"embeddable":true,"href":"https:\/\/gaiaszive.hu\/index.php?rest_route=\/wp\/v2\/users\/1"}],"replies":[{"embeddable":true,"href":"https:\/\/gaiaszive.hu\/index.php?rest_route=%2Fwp%2Fv2%2Fcomments&post=227549"}],"version-history":[{"count":2,"href":"https:\/\/gaiaszive.hu\/index.php?rest_route=\/wp\/v2\/pages\/227549\/revisions"}],"predecessor-version":[{"id":227552,"href":"https:\/\/gaiaszive.hu\/index.php?rest_route=\/wp\/v2\/pages\/227549\/revisions\/227552"}],"wp:attachment":[{"href":"https:\/\/gaiaszive.hu\/index.php?rest_route=%2Fwp%2Fv2%2Fmedia&parent=227549"}],"curies":[{"name":"wp","href":"https:\/\/api.w.org\/{rel}","templated":true}]}}